{"id":101,"date":"2019-03-22T21:49:22","date_gmt":"2019-03-22T20:49:22","guid":{"rendered":"http:\/\/carinlevine.de\/wordpress\/?page_id=101"},"modified":"2019-03-27T20:44:55","modified_gmt":"2019-03-27T19:44:55","slug":"impressum","status":"publish","type":"page","link":"https:\/\/carinlevine.de\/wordpress\/impressum\/","title":{"rendered":"Impressum"},"content":{"rendered":"<p id=\"u19055-5\"><span id=\"u19055-4\">Carin Levine<br \/>\n<\/span>(Fl\u00f6tistin)<br \/>\nSandstrasse 4a<br \/>\n28857 Syke-Ristedt<br \/>\nGermany<br \/>\nTelephone +49 173 2102617<br \/>\nE-Mail: info@carinlevine.de<\/p>\n<p id=\"u19055-19\">Umsatzsteuer-Identifikationsnummer gem. \u00a7 27a UStG: 69327851244<br \/>\n<span id=\"u19055-20\">Inhaltlich Verantwortlicher gem. \u00a7 55 II RStV: Carin Levine (Anschrift s.o.)<\/span><\/p>\n<h4 id=\"u19055-27\">Erkl\u00e4rung<\/h4>\n<p id=\"u19055-30\">Inhalt und Werke dieser Website sind urheberrechtlich gesch\u00fctzt. Trotz h\u00f6chster Sorgfalt kann nicht f\u00fcr die Richtigkeit der wiedergegebenen Informationen oder die permanente technische Erreichbarkeit garantiert werden. Es wird keine Haftung f\u00fcr den Inhalt von extern verlinkten Websites \u00fcbernommen. Auf deren Inhalte haben wir keinen Einfluss und distanzieren uns ausdr\u00fccklich. Sollten Sie dennoch etwas an unseren Seiten zu beanstanden haben, bitten wir um einen einfachen entsprechenden Hinweis, damit wir die Inhalte schnellstm\u00f6glich entfernen k\u00f6nnen.<\/p>\n<p id=\"u19055-33\">Quelle: Disclaimer von anwalt.de<\/p>\n","protected":false},"excerpt":{"rendered":"<p>Carin Levine (Fl\u00f6tistin) Sandstrasse 4a 28857 Syke-Ristedt Germany Telephone +49 173 2102617 E-Mail: info@carinlevine.de Umsatzsteuer-Identifikationsnummer gem. \u00a7 27a UStG: 69327851244 Inhaltlich Verantwortlicher gem. \u00a7 55 II RStV: Carin Levine (Anschrift s.o.) Erkl\u00e4rung Inhalt und Werke dieser Website sind urheberrechtlich gesch\u00fctzt. Trotz h\u00f6chster Sorgfalt kann nicht f\u00fcr die Richtigkeit der wiedergegebenen Informationen oder die permanente technische &hellip; <\/p>\n<p class=\"link-more\"><a href=\"https:\/\/carinlevine.de\/wordpress\/impressum\/\" class=\"more-link\"><span class=\"screen-reader-text\">\u201eImpressum\u201c <\/span>weiterlesen<\/a><\/p>\n","protected":false},"author":1,"featured_media":0,"parent":0,"menu_order":0,"comment_status":"closed","ping_status":"closed","template":"","meta":[],"_links":{"self":[{"href":"https:\/\/carinlevine.de\/wordpress\/wp-json\/wp\/v2\/pages\/101"}],"collection":[{"href":"https:\/\/carinlevine.de\/wordpress\/wp-json\/wp\/v2\/pages"}],"about":[{"href":"https:\/\/carinlevine.de\/wordpress\/wp-json\/wp\/v2\/types\/page"}],"author":[{"embeddable":true,"href":"https:\/\/carinlevine.de\/wordpress\/wp-json\/wp\/v2\/users\/1"}],"replies":[{"embeddable":true,"href":"https:\/\/carinlevine.de\/wordpress\/wp-json\/wp\/v2\/comments?post=101"}],"version-history":[{"count":3,"href":"https:\/\/carinlevine.de\/wordpress\/wp-json\/wp\/v2\/pages\/101\/revisions"}],"predecessor-version":[{"id":292,"href":"https:\/\/carinlevine.de\/wordpress\/wp-json\/wp\/v2\/pages\/101\/revisions\/292"}],"wp:attachment":[{"href":"https:\/\/carinlevine.de\/wordpress\/wp-json\/wp\/v2\/media?parent=101"}],"curies":[{"name":"wp","href":"https:\/\/api.w.org\/{rel}","templated":true}]}}