{"id":17,"date":"2019-03-17T18:06:00","date_gmt":"2019-03-17T17:06:00","guid":{"rendered":"http:\/\/carinlevine.de\/wordpress\/?page_id=17"},"modified":"2019-04-30T14:40:10","modified_gmt":"2019-04-30T12:40:10","slug":"startseite","status":"publish","type":"page","link":"https:\/\/carinlevine.de\/wordpress\/","title":{"rendered":"Home"},"content":{"rendered":"<div class=\"entry-content\">\n<h3>Willkommen auf der Website von Carin Levine!<\/h3>\n<p>Die aus den USA stammende Fl\u00f6tistin z\u00e4hlt zu den renommiertesten Instrumentalistinnen und P\u00e4dagoginnen ihres Instruments.<\/p>\n<hr \/>\n<p>The American Flutist Carin Levine is one of the most renowned flutists of her generation.<\/p>\n<\/div>\n","protected":false},"excerpt":{"rendered":"<p>Willkommen auf der Website von Carin Levine! Die aus den USA stammende Fl\u00f6tistin z\u00e4hlt zu den renommiertesten Instrumentalistinnen und P\u00e4dagoginnen ihres Instruments. The American Flutist Carin Levine is one of the most renowned flutists of her generation.<\/p>\n","protected":false},"author":1,"featured_media":0,"parent":0,"menu_order":0,"comment_status":"closed","ping_status":"closed","template":"","meta":[],"_links":{"self":[{"href":"https:\/\/carinlevine.de\/wordpress\/wp-json\/wp\/v2\/pages\/17"}],"collection":[{"href":"https:\/\/carinlevine.de\/wordpress\/wp-json\/wp\/v2\/pages"}],"about":[{"href":"https:\/\/carinlevine.de\/wordpress\/wp-json\/wp\/v2\/types\/page"}],"author":[{"embeddable":true,"href":"https:\/\/carinlevine.de\/wordpress\/wp-json\/wp\/v2\/users\/1"}],"replies":[{"embeddable":true,"href":"https:\/\/carinlevine.de\/wordpress\/wp-json\/wp\/v2\/comments?post=17"}],"version-history":[{"count":6,"href":"https:\/\/carinlevine.de\/wordpress\/wp-json\/wp\/v2\/pages\/17\/revisions"}],"predecessor-version":[{"id":404,"href":"https:\/\/carinlevine.de\/wordpress\/wp-json\/wp\/v2\/pages\/17\/revisions\/404"}],"wp:attachment":[{"href":"https:\/\/carinlevine.de\/wordpress\/wp-json\/wp\/v2\/media?parent=17"}],"curies":[{"name":"wp","href":"https:\/\/api.w.org\/{rel}","templated":true}]}}