{"id":56,"date":"2019-03-22T20:49:59","date_gmt":"2019-03-22T19:49:59","guid":{"rendered":"http:\/\/carinlevine.de\/wordpress\/?page_id=56"},"modified":"2023-01-03T11:14:05","modified_gmt":"2023-01-03T10:14:05","slug":"biografie-deutsch","status":"publish","type":"page","link":"https:\/\/carinlevine.de\/wordpress\/biografie-deutsch\/","title":{"rendered":"Biography german"},"content":{"rendered":"<figure id=\"attachment_53\" aria-describedby=\"caption-attachment-53\" style=\"width: 300px\" class=\"wp-caption alignright\"><img decoding=\"async\" loading=\"lazy\" class=\"size-medium wp-image-53\" src=\"http:\/\/carinlevine.de\/wordpress\/wp-content\/uploads\/2019\/03\/levine02_600px-1-300x225.jpg\" alt=\"Carin Levine\" width=\"300\" height=\"225\" srcset=\"https:\/\/carinlevine.de\/wordpress\/wp-content\/uploads\/2019\/03\/levine02_600px-1-300x225.jpg 300w, https:\/\/carinlevine.de\/wordpress\/wp-content\/uploads\/2019\/03\/levine02_600px-1.jpg 600w\" sizes=\"(max-width: 300px) 100vw, 300px\" \/><figcaption id=\"caption-attachment-53\" class=\"wp-caption-text\">Carin Levine<\/figcaption><\/figure>\n<p>Die aus den USA stammende Fl\u00f6tistin z\u00e4hlt zu den renommiertesten Instrumentalistinnen und P\u00e4dagoginnen ihres Instruments.<br \/>\nSie studierte zun\u00e4chst an der University of Cincinnati Fl\u00f6te bei Jack Wellbaum und Kammermusik bei Peter Kamnitzer, bevor sie ihr Studium bei Aur\u00e8le Nicolet an der Musikhochschule Freiburg\/Breisgau fortsetzte. Als Solistin und Kammermusikerin tritt sie regelm\u00e4\u00dfig bei Festivals in Europa, Asien, USA und S\u00fcdamerika auf (u.a. Schleswig-Holstein Musik Festival, International Musik Festival Phnom-Penn, Archipel Festival Genf, Biennale di Venezia, Warschauer Herbst, Musica Viva M\u00fcnchen, und Wien Modern). Bei Ensemble- und Orchesterwerken hat Carin Levine mit Dirigenten wie Peter E\u00f6tv\u00f6s, Johannes Kalitzke, Christoph Poppen und Lothar Zagrosek zusammengearbeit. Zahlreiche Rundfunk- und Fernsehaufnahmen sowie \u00fcber 40 CDs dokumentieren ihre musikalische Arbeit.<\/p>\n<p>Carin Levine hat bisher \u00fcber 1000 Werke ur- und erstaufgef\u00fchrt. Ihre Suche nach neuen Entwicklungen in der Musik f\u00fchrte zu einer engen Zusammenarbeit mit Komponisten wie Violeta Dinescu, Brian Ferneyhough, Keiko Harada, Toshio Hosokawa, Liza Lim, Alvin Lucier, Younghi Pagh-Paan und Giacinto Scelsi, die ihr zahlreiche St\u00fccke gewidmet haben. Besonders viel Wert legt die Fl\u00f6tistin auf die Kooperation mit jungen KomponistInnen. Auch hier entstanden neue Werke.<\/p>\n<p>Unterrichtst\u00e4tigkeit und Meisterkurse f\u00fchrten sie zu den Darmst\u00e4dter Ferienkursen, an die Musikakademie Rheinsberg, die Landesmusikakademie Niedersachsen, und an die Musikhochschulen weltweit. Sie ist Herausgeberin der Reihe \u201eZeitgen\u00f6ssische Musik f\u00fcr Fl\u00f6te\u201c beim B\u00e4renreiter Verlag, bei dem auch ihre beiden B\u00fccher \u201eThe Techniques of Flute Playing Vol.1 and Vol.2\u201c erschienen sind. Sie ist k\u00fcnstlerische Leiterin des Landesjugendensembles Neue Musik Niedersachsen.<\/p>\n<p>Carin Levine wurde mit zahlreichen Preisen geehrt, u.a. mit dem Kranichsteiner Musikpreis f\u00fcr die Interpretation zeitgen\u00f6ssischer Musik. 2019 zeichnet sie der Deutschen Komponistenverband mit der FEM-Nadel f\u00fcr ihre Lebenswerk aus. 2022 w\u00fcrde sie in das Kuratorium des Musikfonds e.V. berufen. Sie ist Mitglied der Europ\u00e4ischen Akademie der Wissenschaft und K\u00fcnste.<\/p>\n","protected":false},"excerpt":{"rendered":"<p>Die aus den USA stammende Fl\u00f6tistin z\u00e4hlt zu den renommiertesten Instrumentalistinnen und P\u00e4dagoginnen ihres Instruments. Sie studierte zun\u00e4chst an der University of Cincinnati Fl\u00f6te bei Jack Wellbaum und Kammermusik bei Peter Kamnitzer, bevor sie ihr Studium bei Aur\u00e8le Nicolet an der Musikhochschule Freiburg\/Breisgau fortsetzte. Als Solistin und Kammermusikerin tritt sie regelm\u00e4\u00dfig bei Festivals in Europa, &hellip; <\/p>\n<p class=\"link-more\"><a href=\"https:\/\/carinlevine.de\/wordpress\/biografie-deutsch\/\" class=\"more-link\"><span class=\"screen-reader-text\">\u201eBiography german\u201c <\/span>weiterlesen<\/a><\/p>\n","protected":false},"author":1,"featured_media":0,"parent":0,"menu_order":0,"comment_status":"closed","ping_status":"closed","template":"","meta":[],"_links":{"self":[{"href":"https:\/\/carinlevine.de\/wordpress\/wp-json\/wp\/v2\/pages\/56"}],"collection":[{"href":"https:\/\/carinlevine.de\/wordpress\/wp-json\/wp\/v2\/pages"}],"about":[{"href":"https:\/\/carinlevine.de\/wordpress\/wp-json\/wp\/v2\/types\/page"}],"author":[{"embeddable":true,"href":"https:\/\/carinlevine.de\/wordpress\/wp-json\/wp\/v2\/users\/1"}],"replies":[{"embeddable":true,"href":"https:\/\/carinlevine.de\/wordpress\/wp-json\/wp\/v2\/comments?post=56"}],"version-history":[{"count":9,"href":"https:\/\/carinlevine.de\/wordpress\/wp-json\/wp\/v2\/pages\/56\/revisions"}],"predecessor-version":[{"id":553,"href":"https:\/\/carinlevine.de\/wordpress\/wp-json\/wp\/v2\/pages\/56\/revisions\/553"}],"wp:attachment":[{"href":"https:\/\/carinlevine.de\/wordpress\/wp-json\/wp\/v2\/media?parent=56"}],"curies":[{"name":"wp","href":"https:\/\/api.w.org\/{rel}","templated":true}]}}